{"id":3763,"date":"2024-07-16T21:57:17","date_gmt":"2024-07-16T20:57:17","guid":{"rendered":"https:\/\/www.5entidos.pt\/privacy-policy\/"},"modified":"2024-07-16T21:57:17","modified_gmt":"2024-07-16T20:57:17","slug":"privacy-policy","status":"publish","type":"page","link":"https:\/\/www.5entidos.pt\/en\/privacy-policy\/","title":{"rendered":"Privacy Policy"},"content":{"rendered":"<div class=\"vc_col-sm-2 wpb_column column_container vc_column_container col no-extra-padding instance-0\" data-border-radius=\"none\" data-shadow=\"none\" data-border-animation=\"\" data-border-animation-delay=\"\" data-border-width=\"none\" data-border-style=\"solid\" data-border-color=\"\" data-bg-cover=\"\" data-padding-pos=\"all\" data-has-bg-color=\"false\" data-bg-color=\"\" data-bg-opacity=\"1\" data-hover-bg=\"\" data-hover-bg-opacity=\"1\" data-animation=\"\" data-delay=\"0\">\r\n<div class=\"vc_column-inner\">\r\n<div class=\"wpb_wrapper\">\u00a0<\/div>\r\n<\/div>\r\n<\/div>\r\n<div class=\"vc_col-sm-8 wpb_column column_container vc_column_container col no-extra-padding instance-1\" data-border-radius=\"none\" data-shadow=\"none\" data-border-animation=\"\" data-border-animation-delay=\"\" data-border-width=\"none\" data-border-style=\"solid\" data-border-color=\"\" data-bg-cover=\"\" data-padding-pos=\"all\" data-has-bg-color=\"false\" data-bg-color=\"\" data-bg-opacity=\"1\" data-hover-bg=\"\" data-hover-bg-opacity=\"1\" data-animation=\"\" data-delay=\"0\">\r\n<div class=\"vc_column-inner\">\r\n<div class=\"wpb_wrapper\">\r\n<div class=\"wpb_text_column wpb_content_element \">\r\n<div class=\"wpb_wrapper\"><strong>TERMOS DE USO &#038; POL\u00cdTICA DE PRIVACIDADE\u00a0<\/strong><\/div>\r\n<div class=\"wpb_wrapper\">Ao aceder ao website 5 SENTIDOS (\u201cWebsite\u201d) aceita vincular-se aos presentes Termos de Uso &#038; Pol\u00edtica de Privacidade, pelo que dever\u00e1 ler os mesmos atentamente. Caso n\u00e3o concorde com os presentes Termos de Uso &#038; Pol\u00edtica de Privacidade n\u00e3o dever\u00e1 aceder, visualizar nem inserir dados neste Website. \u00a0<\/div>\r\n<div>\u00a0<\/div>\r\n<div class=\"wpb_wrapper\"><strong>Propriedade e Acesso\u00a0<\/strong><\/div>\r\n<div>\u00a0<\/div>\r\n<div class=\"wpb_wrapper\">Este Website tem como objectivo proporcionar informa\u00e7\u00e3o promocional sobre os restaurantes 5 SENTIDOS, 5entidos Cascais e 5entidos Carvalhal reservas, consulta de ementas, galeria de fotos e visita virtual.<\/div>\r\n<div>\u00a0<\/div>\r\n<div class=\"wpb_wrapper\">Todos os direitos de propriedade intelectual relativos aos conte\u00fados e informa\u00e7\u00e3o disponibilizados (textos, imagens, marcas e log\u00f3tipos) pertencem exclusivamente \u00e0 5 SENTIDOS e aos nossos parceiros. \u00c9 expressamente proibida a c\u00f3pia, reprodu\u00e7\u00e3o, modifica\u00e7\u00e3o ou difus\u00e3o, total ou parcial, do conte\u00fado deste Website sem a pr\u00e9via autoriza\u00e7\u00e3o, por escrito, do 5 SENTIDOS, com excep\u00e7\u00e3o do estritamente necess\u00e1rio para visualizar as p\u00e1ginas que integram este Website e para uso privado e n\u00e3o comercial.<\/div>\r\n<div>\u00a0<\/div>\r\n<div class=\"wpb_wrapper\">O 5 SENTIDOS n\u00e3o reconhece direitos sobre qualquer material e\/ou ideias que venha a ser apresentadas neste Website pelos visitantes e sem que tenham sido por n\u00f3s previamente solicitados. O 5 SENTIDOS reserva o direito de considerar todo o material enviado atrav\u00e9s deste Website como n\u00e3o confidencial e n\u00e3o abrangido por direitos de propriedade intelectual de terceiros, podendo ser usado em publicidade e promo\u00e7\u00f5es criadas pelo 5 SENTIDOS, as quais n\u00e3o ser\u00e3o em qualquer caso consideradas como obras feitas em colabora\u00e7\u00e3o, obras colectivas ou obras comp\u00f3sitas. \u00a0<\/div>\r\n<div>\u00a0<\/div>\r\n<div class=\"wpb_wrapper\"><strong>Seguran\u00e7a\u00a0<\/strong><\/div>\r\n<div>\u00a0<\/div>\r\n<div class=\"wpb_wrapper\">O 5 SENTIDOS n\u00e3o \u00e9 respons\u00e1vel nem presta quaisquer garantias no que respeita \u00e0 informa\u00e7\u00e3o fornecida atrav\u00e9s deste Website. Poder\u00e1 encontrar links de acesso a outros websites, n\u00e3o sendo o\u00a05 SENTIDOS respons\u00e1vel pelos conte\u00fados, exactid\u00e3o, credibilidade e funcionalidades de websites pertencentes a terceiros.<\/div>\r\n<div>\u00a0<\/div>\r\n<div class=\"wpb_wrapper\">O 5 SENTIDOS n\u00e3o assume a responsabilidade por eventuais interrup\u00e7\u00f5es na apresenta\u00e7\u00e3o do Website, por v\u00edrus ou por outros danos que possam ser causados aos seus utilizadores.<\/div>\r\n<div>\u00a0<\/div>\r\n<div class=\"wpb_wrapper\">\u00c9 estritamente proibida qualquer conex\u00e3o entre o Website 5ENTIDOS.pt e outros websites sem a autoriza\u00e7\u00e3o pr\u00e9via, por escrito, do 5 SENTIDOS. Se encontrou neste Website conte\u00fados que possam violar os direitos de autor, por favor contacte-nos imediatamente atrav\u00e9s dos seguintes endere\u00e7os: \u00a0<\/div>\r\n<div>\u00a0<\/div>\r\n<div class=\"wpb_wrapper\">OS SENTIDOS DA GASTRONOMIA ACTIVIDADES HOTELEIRAS LDA<\/div>\r\n<div class=\"wpb_wrapper\">LARGO DA ASSUN\u00c7\u00c3O N 6<\/div>\r\n<div class=\"wpb_wrapper\">CASCAIS<\/div>\r\n<div class=\"wpb_wrapper\">2750-298<\/div>\r\n<div class=\"wpb_wrapper\">email: rgpd@5entidos.pt \u00a0<\/div>\r\n<\/div>\r\n<div>\u00a0<\/div>\r\n<div class=\"wpb_text_column wpb_content_element \">\r\n<div class=\"wpb_wrapper\"><strong>Protec\u00e7\u00e3o de Dados Pessoais\u00a0<\/strong><\/div>\r\n<div>\u00a0<\/div>\r\n<div class=\"wpb_wrapper\">A utiliza\u00e7\u00e3o do Website implica a recolha do endere\u00e7o de IP do computador do utilizador para acesso ao Websites, bem como a recolha de informa\u00e7\u00e3o relacionada com o fornecedor de servi\u00e7os de Internet do utilizador, o tipo de navegador de Internet ou o sistema operativo utilizado. Os dados recolhidos pelo 5 SENTIDOS s\u00e3o tratados informaticamente, em determinados casos de forma automatizada, mas sempre no estrito cumprimento da legisla\u00e7\u00e3o nacional e comunit\u00e1ria em vigor em mat\u00e9ria de protec\u00e7\u00e3o e privacidade de dados pessoais. O 5 SENTIDOS \u00a0respeita o seu direito \u00e0 privacidade na Internet e envidamos os melhores esfor\u00e7os para preservar a seguran\u00e7a de toda e qualquer informa\u00e7\u00e3o de car\u00e1cter pessoal que venha a facultar-nos. O 5 SENTIDOS apenas proceder\u00e1 \u00e0 recolha de dados pessoais, como o seu nome e correio electr\u00f3nico, quando sejam inseridos voluntariamente atrav\u00e9s deste Website, para fins estat\u00edsticos. \u00a0<\/div>\r\n<div>\u00a0<\/div>\r\n<div class=\"wpb_wrapper\"><strong>Entidade respons\u00e1vel pelo tratamento<\/strong><\/div>\r\n<div>\u00a0<\/div>\r\n<div class=\"wpb_wrapper\">A entidade respons\u00e1vel pelo tratamento \u00e9 o 5 SENTIDOS ou outra empresa contratada pelo 5 SENTIDOS para este efeito. \u00a0<\/div>\r\n<div>\u00a0<\/div>\r\n<div class=\"wpb_wrapper\"><strong>Tempo de conserva\u00e7\u00e3o dos dados\u00a0<\/strong><\/div>\r\n<div>\u00a0<\/div>\r\n<div class=\"wpb_wrapper\">Sem preju\u00edzo de disposi\u00e7\u00f5es legais ou regulamentares em contr\u00e1rio, os dados ser\u00e3o conservados apenas pelo per\u00edodo m\u00ednimo necess\u00e1rio para as finalidades que motivaram a sua recolha ou o seu posterior tratamento. Pode opor-se, a qualquer momento, \u00e0 utiliza\u00e7\u00e3o dos seus dados para fins de marketing, para o envio de comunica\u00e7\u00f5es informativas ou \u00e0 inclus\u00e3o em listas ou servi\u00e7os informativos, para corrigir ou actualizar os dados pessoais que disponibilizou no Website do 5 SENTIDOS, devendo para tal, enviar pedido escrito dirigido ao cuidado do \u201cProtec\u00e7\u00e3o de Dados 5 Sentidos\u201d para a seguinte morada: \u00a0<\/div>\r\n<div>\u00a0<\/div>\r\n<div class=\"wpb_wrapper\">OS SENTIDOS DA GASTRONOMIA ACTIVIDADES HOTELEIRAS LDA<\/div>\r\n<div class=\"wpb_wrapper\">LARGO DA ASSUN\u00c7\u00c3O N 6<\/div>\r\n<div class=\"wpb_wrapper\">CASCAIS<\/div>\r\n<div class=\"wpb_wrapper\">2750-298<\/div>\r\n<div class=\"wpb_wrapper\">email: rgpd@5entidos.pt \u00a0<\/div>\r\n<div>\u00a0<\/div>\r\n<div class=\"wpb_wrapper\"><strong>Utiliza\u00e7\u00e3o de Cookies\u00a0<\/strong><\/div>\r\n<div>\u00a0<\/div>\r\n<div class=\"wpb_wrapper\">O 5 SENTIDOS utiliza no seu Website cookies que permitem melhorar o desempenho e a experi\u00eancia de navega\u00e7\u00e3o dos seus utilizadores, aumentando, por um lado, a rapidez e efici\u00eancia de resposta e, por outro, eliminando a necessidade de introduzir repetidamente as mesmas informa\u00e7\u00f5es. A coloca\u00e7\u00e3o de cookies n\u00e3o s\u00f3 ajuda o Website a reconhecer o dispositivo do utilizador na pr\u00f3xima vez que este o visita, mas tamb\u00e9m ser\u00e1 imprescind\u00edvel para o funcionamento do mesmo. Os cookies usados pelo 5 SENTIDOS no seu Website, n\u00e3o recolhem informa\u00e7\u00f5es pessoais que permitam identificar o utilizador, guardando apenas informa\u00e7\u00f5es gen\u00e9ricas, designadamente a forma ou local\/pa\u00eds de acesso do utilizador e o modo como usam o Website, entre outros. Os cookies ret\u00eam apenas informa\u00e7\u00e3o relacionada com as prefer\u00eancias dos utilizadores. O utilizador pode, a qualquer momento e atrav\u00e9s do seu navegador de internet (browser), decidir ser notificado sobre a recep\u00e7\u00e3o de cookies, bem como bloquear a respectiva entrada no seu sistema. Alerta-se para o facto da recusa de uso de cookies pode resultar na impossibilidade de acesso a algumas das \u00e1reas do Website do 5 SENTIDOS. \u00a0<\/div>\r\n<div>\u00a0<\/div>\r\n<div class=\"wpb_wrapper\"><strong>Altera\u00e7\u00f5es\u00a0<\/strong><\/div>\r\n<div>\u00a0<\/div>\r\n<div class=\"wpb_wrapper\">O 5 SENTIDOS reserva-se o direito de alterar os presentes Termos de Uso &#038; Pol\u00edtica de Privacidade. Sempre que o fizer, divulgar\u00e1 a data da \u00faltima actualiza\u00e7\u00e3o, no final desta p\u00e1gina. O 5 SENTIDOS reserva-se ainda o direito de alterar, suspender ou descontinuar este Website ou parte dos seus conte\u00fados sem qualquer aviso pr\u00e9vio. \u00a0<\/div>\r\n<div>\u00a0<\/div>\r\n<div class=\"wpb_wrapper\"><strong>Lei e jurisdi\u00e7\u00e3o\u00a0<\/strong><\/div>\r\n<div>\u00a0<\/div>\r\n<div class=\"wpb_wrapper\">\u00a0 \u00a0 \u00a0 Este Website foi criado e est\u00e1 em funcionamento nos termos do Regulamento Geral da Protec\u00e7\u00e3o de Dados e da Lei Portuguesa. O acesso a este Website encontra-se sujeito \u00e0 aceita\u00e7\u00e3o das presentes condi\u00e7\u00f5es e qualquer lit\u00edgio relativo ao mesmo ser\u00e1 regulado pela legisla\u00e7\u00e3o portuguesa em vigor, sendo competentes apenas os tribunais do foro da comarca de Lisboa, com expressa ren\u00fancia a qualquer outro. No caso de alguma das condi\u00e7\u00f5es ser considerada, por for\u00e7a de decis\u00e3o judicial, nula, ilegal ou inaplic\u00e1vel, tal n\u00e3o afectar\u00e1 as restantes condi\u00e7\u00f5es, que se manter\u00e3o v\u00e1lidas na m\u00e1xima extens\u00e3o legalmente permitida.<\/div>\r\n<\/div>\r\n<\/div>\r\n<\/div>\r\n<\/div>\r\n","protected":false},"excerpt":{"rendered":"<p>\u00a0 TERMOS DE USO &#038; POL\u00cdTICA DE PRIVACIDADE\u00a0 Ao aceder ao website 5 SENTIDOS (\u201cWebsite\u201d) aceita vincular-se aos presentes Termos de Uso &#038; Pol\u00edtica de Privacidade, pelo que dever\u00e1 ler os mesmos atentamente. Caso n\u00e3o concorde com os presentes Termos de Uso &#038; Pol\u00edtica de Privacidade n\u00e3o dever\u00e1 aceder, visualizar nem inserir dados neste Website. &hellip; <\/p>\n","protected":false},"author":1,"featured_media":0,"parent":0,"menu_order":0,"comment_status":"closed","ping_status":"closed","template":"","meta":{"footnotes":""},"class_list":["post-3763","page","type-page","status-publish","hentry"],"_links":{"self":[{"href":"https:\/\/www.5entidos.pt\/en\/wp-json\/wp\/v2\/pages\/3763","targetHints":{"allow":["GET"]}}],"collection":[{"href":"https:\/\/www.5entidos.pt\/en\/wp-json\/wp\/v2\/pages"}],"about":[{"href":"https:\/\/www.5entidos.pt\/en\/wp-json\/wp\/v2\/types\/page"}],"author":[{"embeddable":true,"href":"https:\/\/www.5entidos.pt\/en\/wp-json\/wp\/v2\/users\/1"}],"replies":[{"embeddable":true,"href":"https:\/\/www.5entidos.pt\/en\/wp-json\/wp\/v2\/comments?post=3763"}],"version-history":[{"count":1,"href":"https:\/\/www.5entidos.pt\/en\/wp-json\/wp\/v2\/pages\/3763\/revisions"}],"predecessor-version":[{"id":3764,"href":"https:\/\/www.5entidos.pt\/en\/wp-json\/wp\/v2\/pages\/3763\/revisions\/3764"}],"wp:attachment":[{"href":"https:\/\/www.5entidos.pt\/en\/wp-json\/wp\/v2\/media?parent=3763"}],"curies":[{"name":"wp","href":"https:\/\/api.w.org\/{rel}","templated":true}]}}